{"id":10,"date":"2023-01-25T12:49:55","date_gmt":"2023-01-25T12:49:55","guid":{"rendered":"https:\/\/physioneumann.de\/?page_id=10"},"modified":"2023-01-25T12:50:00","modified_gmt":"2023-01-25T12:50:00","slug":"profil","status":"publish","type":"page","link":"https:\/\/physioneumann.de\/?page_id=10","title":{"rendered":"Profil"},"content":{"rendered":"<p>&nbsp;<\/p>\n<div class=\"page-content\">\n<p>Mit der \u00dcbernahme der Praxis 2008 habe ich mir nicht nur den Traum vom selbst\u00e4ndigen Arbeiten in zwischenmenschlich stimmigem, kollegialem Miteinander erf\u00fcllt, sondern auch Hohe Qualit\u00e4tsma\u00dfst\u00e4be gesetzt.<\/p>\n<p>Mit unseren unterschiedlichen Profilen als Therapeuten wollen wir einander erg\u00e4nzend nicht nur einen maximalen Behandlungserfolg f\u00fcr unsere Patienten erzielen, sondern mit ihnen gemeinsam Bewegungs- und Handlungsstrategien entwickeln, die von der Diagnose des Arztes und ihren Schmerzsymptomen ausgehen UND ihre ganz pers\u00f6nliche Krankheitsgeschichte sowie ihre aktuellen Lebensumst\u00e4nde ber\u00fccksichtigen. Unsere Erfahrungen in der Behandlung und Begleitung von chronisch kranken Menschen und Krebspatienten kommen uns dabei zugute.<\/p>\n<p>Unsere kontinuierliche fachliche Weiterbildung und die Summe unserer Arbeitserfahrungen auf unterschiedlichsten Gebieten macht es uns m\u00f6glich, f\u00fcr und mit jedem Patienten ein seiner Pers\u00f6nlichkeit gerecht werdendes individuelles Behandlungskonzept zu erstellen \u2013 in Partnerschaftlichkeit, im Miteinander auf Augenh\u00f6he und mit Empathie.<\/p>\n<div class=\"post-tags\"><\/div>\n<\/div>\n<section id=\"comments\" class=\"comments-area\"><\/section>\n<p>&nbsp;<\/p>\n","protected":false},"excerpt":{"rendered":"<p>&nbsp; Mit der \u00dcbernahme der Praxis 2008 habe ich mir nicht nur den Traum vom selbst\u00e4ndigen Arbeiten in zwischenmenschlich stimmigem, kollegialem Miteinander erf\u00fcllt, sondern auch Hohe Qualit\u00e4tsma\u00dfst\u00e4be gesetzt. Mit unseren unterschiedlichen Profilen als Therapeuten wollen wir einander erg\u00e4nzend nicht nur einen maximalen Behandlungserfolg f\u00fcr unsere Patienten erzielen, sondern mit ihnen gemeinsam Bewegungs- und Handlungsstrategien entwickeln, &hellip; <\/p>\n","protected":false},"author":1,"featured_media":0,"parent":0,"menu_order":0,"comment_status":"closed","ping_status":"closed","template":"","meta":{"footnotes":""},"class_list":["post-10","page","type-page","status-publish","hentry"],"jetpack_sharing_enabled":true,"_links":{"self":[{"href":"https:\/\/physioneumann.de\/index.php?rest_route=\/wp\/v2\/pages\/10","targetHints":{"allow":["GET"]}}],"collection":[{"href":"https:\/\/physioneumann.de\/index.php?rest_route=\/wp\/v2\/pages"}],"about":[{"href":"https:\/\/physioneumann.de\/index.php?rest_route=\/wp\/v2\/types\/page"}],"author":[{"embeddable":true,"href":"https:\/\/physioneumann.de\/index.php?rest_route=\/wp\/v2\/users\/1"}],"replies":[{"embeddable":true,"href":"https:\/\/physioneumann.de\/index.php?rest_route=%2Fwp%2Fv2%2Fcomments&post=10"}],"version-history":[{"count":2,"href":"https:\/\/physioneumann.de\/index.php?rest_route=\/wp\/v2\/pages\/10\/revisions"}],"predecessor-version":[{"id":12,"href":"https:\/\/physioneumann.de\/index.php?rest_route=\/wp\/v2\/pages\/10\/revisions\/12"}],"wp:attachment":[{"href":"https:\/\/physioneumann.de\/index.php?rest_route=%2Fwp%2Fv2%2Fmedia&parent=10"}],"curies":[{"name":"wp","href":"https:\/\/api.w.org\/{rel}","templated":true}]}}