{"id":13,"date":"2023-01-25T12:50:24","date_gmt":"2023-01-25T12:50:24","guid":{"rendered":"https:\/\/physioneumann.de\/?page_id=13"},"modified":"2023-01-25T12:56:08","modified_gmt":"2023-01-25T12:56:08","slug":"therapeuten","status":"publish","type":"page","link":"https:\/\/physioneumann.de\/?page_id=13","title":{"rendered":"Therapeuten"},"content":{"rendered":"<p>&nbsp;<\/p>\n<div class=\"page-content\">\n<div id=\"left\">\n<p><strong>\u2013 Physiotherapeutin seit 1995 \u2013<\/strong><\/p>\n<ul>\n<li>Krankengymnastik<\/li>\n<li>Manuelle Therapie<\/li>\n<li>Osteopathie (5 j\u00e4hrige Ausbildung)<\/li>\n<li>PNF f\u00fcr neurologische Erkrankungen<\/li>\n<li>Craniosacrale Therapie<\/li>\n<li>Kiefergelenksbehandlung<\/li>\n<li>Spezialisierung f\u00fcr Schulterbehandlung<\/li>\n<\/ul>\n<\/div>\n<p><strong>Fortbildungen:<\/strong><\/p>\n<ul>\n<li>HP f\u00fcr Physiotherapie seit 2015<\/li>\n<li>Manuelle Therapie nach Typaldos seit 2018<\/li>\n<li>Manuelle Therapie nach Kaltenborn \/ Evjenth- Konzept seit 1998<\/li>\n<li>Physiotherapeutin seit 1995<\/li>\n<li>PNF (Proprioceptive Neuromuskui\u00e4re Facilitation) seit 2003<\/li>\n<li>Craniosacraler Therapie seit 2003<\/li>\n<li>Osteopathie (5 Jahre) seit 2009<\/li>\n<li>Kiefergelenksbehandlung seit 2013<\/li>\n<\/ul>\n<div class=\"post-tags\"><\/div>\n<\/div>\n<section id=\"comments\" class=\"comments-area\"><\/section>\n<p>&nbsp;<\/p>\n","protected":false},"excerpt":{"rendered":"<p>&nbsp; \u2013 Physiotherapeutin seit 1995 \u2013 Krankengymnastik Manuelle Therapie Osteopathie (5 j\u00e4hrige Ausbildung) PNF f\u00fcr neurologische Erkrankungen Craniosacrale Therapie Kiefergelenksbehandlung Spezialisierung f\u00fcr Schulterbehandlung Fortbildungen: HP f\u00fcr Physiotherapie seit 2015 Manuelle Therapie nach Typaldos seit 2018 Manuelle Therapie nach Kaltenborn \/ Evjenth- Konzept seit 1998 Physiotherapeutin seit 1995 PNF (Proprioceptive Neuromuskui\u00e4re Facilitation) seit 2003 Craniosacraler Therapie &hellip; <\/p>\n","protected":false},"author":1,"featured_media":0,"parent":0,"menu_order":0,"comment_status":"closed","ping_status":"closed","template":"","meta":{"footnotes":""},"class_list":["post-13","page","type-page","status-publish","hentry"],"jetpack_sharing_enabled":true,"_links":{"self":[{"href":"https:\/\/physioneumann.de\/index.php?rest_route=\/wp\/v2\/pages\/13","targetHints":{"allow":["GET"]}}],"collection":[{"href":"https:\/\/physioneumann.de\/index.php?rest_route=\/wp\/v2\/pages"}],"about":[{"href":"https:\/\/physioneumann.de\/index.php?rest_route=\/wp\/v2\/types\/page"}],"author":[{"embeddable":true,"href":"https:\/\/physioneumann.de\/index.php?rest_route=\/wp\/v2\/users\/1"}],"replies":[{"embeddable":true,"href":"https:\/\/physioneumann.de\/index.php?rest_route=%2Fwp%2Fv2%2Fcomments&post=13"}],"version-history":[{"count":2,"href":"https:\/\/physioneumann.de\/index.php?rest_route=\/wp\/v2\/pages\/13\/revisions"}],"predecessor-version":[{"id":15,"href":"https:\/\/physioneumann.de\/index.php?rest_route=\/wp\/v2\/pages\/13\/revisions\/15"}],"wp:attachment":[{"href":"https:\/\/physioneumann.de\/index.php?rest_route=%2Fwp%2Fv2%2Fmedia&parent=13"}],"curies":[{"name":"wp","href":"https:\/\/api.w.org\/{rel}","templated":true}]}}