{"id":6,"date":"2023-01-25T12:41:25","date_gmt":"2023-01-25T12:41:25","guid":{"rendered":"https:\/\/physioneumann.de\/?page_id=6"},"modified":"2023-11-13T14:22:11","modified_gmt":"2023-11-13T14:22:11","slug":"home","status":"publish","type":"page","link":"https:\/\/physioneumann.de\/","title":{"rendered":"Home"},"content":{"rendered":"<div style=\"text-align: center;\"><\/div>\n<div class=\"page-content\">\n<section id=\"service\" class=\"services\">\n<div class=\"container\">\n<header class=\"header\">\n<h3 style=\"text-align: center;\">Herzlich willkommen in der<br \/>\nPraxis f\u00fcr Physiotherapie und Osteopathie Kerstin Neumann<\/h3>\n<p style=\"text-align: center;\">Wir freuen uns sehr, Sie auf unserer Internetseite begr\u00fc\u00dfen zu d\u00fcrfen.<br \/>\nAuf den folgenden Seiten geben wir Ihnen einen Einblick \u00fcber unsere Praxis unweit vom Bankplatz in Braunschweig gelegen.<\/p>\n<p style=\"text-align: center;\">Friedrich- Wilhelm Stra\u00dfe 43<br \/>\n38100 Braunschweig<\/p>\n<p style=\"text-align: center;\">Terminvereinbarung Behandlung gew\u00fcnscht?<br \/>\nRufen Sie uns einfach an:<\/p>\n<p style=\"text-align: center;\"><strong>0531 \/ 12 18 301<\/strong><\/p>\n<p style=\"text-align: center;\">schreiben Sie uns eine e-mail an:<\/p>\n<p style=\"text-align: center;\">info(at)physioneumann.de<\/p>\n<p style=\"text-align: center;\"><strong>TERMINE NACH VEREINBARUNG!<\/strong><\/p>\n<\/header>\n<\/div>\n<\/section>\n<div class=\"post-tags\" style=\"text-align: center;\"><\/div>\n<\/div>\n<section id=\"comments\" class=\"comments-area\"><\/section>\n<p>&nbsp;<\/p>\n","protected":false},"excerpt":{"rendered":"<p>Herzlich willkommen in der Praxis f\u00fcr Physiotherapie und Osteopathie Kerstin Neumann Wir freuen uns sehr, Sie auf unserer Internetseite begr\u00fc\u00dfen zu d\u00fcrfen. Auf den folgenden Seiten geben wir Ihnen einen Einblick \u00fcber unsere Praxis unweit vom Bankplatz in Braunschweig gelegen. Friedrich- Wilhelm Stra\u00dfe 43 38100 Braunschweig Terminvereinbarung Behandlung gew\u00fcnscht? Rufen Sie uns einfach an: 0531 &hellip; <\/p>\n","protected":false},"author":1,"featured_media":0,"parent":0,"menu_order":0,"comment_status":"closed","ping_status":"closed","template":"template-home.php","meta":{"footnotes":""},"class_list":["post-6","page","type-page","status-publish","hentry"],"jetpack_sharing_enabled":true,"_links":{"self":[{"href":"https:\/\/physioneumann.de\/index.php?rest_route=\/wp\/v2\/pages\/6","targetHints":{"allow":["GET"]}}],"collection":[{"href":"https:\/\/physioneumann.de\/index.php?rest_route=\/wp\/v2\/pages"}],"about":[{"href":"https:\/\/physioneumann.de\/index.php?rest_route=\/wp\/v2\/types\/page"}],"author":[{"embeddable":true,"href":"https:\/\/physioneumann.de\/index.php?rest_route=\/wp\/v2\/users\/1"}],"replies":[{"embeddable":true,"href":"https:\/\/physioneumann.de\/index.php?rest_route=%2Fwp%2Fv2%2Fcomments&post=6"}],"version-history":[{"count":8,"href":"https:\/\/physioneumann.de\/index.php?rest_route=\/wp\/v2\/pages\/6\/revisions"}],"predecessor-version":[{"id":56,"href":"https:\/\/physioneumann.de\/index.php?rest_route=\/wp\/v2\/pages\/6\/revisions\/56"}],"wp:attachment":[{"href":"https:\/\/physioneumann.de\/index.php?rest_route=%2Fwp%2Fv2%2Fmedia&parent=6"}],"curies":[{"name":"wp","href":"https:\/\/api.w.org\/{rel}","templated":true}]}}